{"id":2139,"date":"2025-03-19T18:08:43","date_gmt":"2025-03-19T18:08:43","guid":{"rendered":"https:\/\/professionaldrainage.com\/servicios-de-drenaje-instalacion-de-sistemas-de-drenaje\/"},"modified":"2025-03-19T18:08:43","modified_gmt":"2025-03-19T18:08:43","slug":"servicios-de-drenaje-instalacion-de-sistemas-de-drenaje","status":"publish","type":"page","link":"https:\/\/professionaldrainage.com\/es\/servicios-de-drenaje-instalacion-de-sistemas-de-drenaje\/","title":{"rendered":"Servicios de drenaje | instalaci\u00f3n de sistemas de drenaje"},"content":{"rendered":"<div class=\"brz-root__container brz-reset-all brz brz-root__container-page\">\n<section id=\"17c3904328fce368c336_gn7dMFcTml1b\" class=\"brz-section brz-css-1q3dv29 brz-css-826pe0\">\n<div class=\"brz-section__content brz-section--boxed brz-css-sope6r brz-css-rx8h0o\" data-brz-custom-id=\"z_SMVubV04fp\">\n<div class=\"brz-bg\">\n<div class=\"brz-bg-color\"><\/div>\n<\/div>\n<div class=\"brz-container brz-css-ewxk9x\">\n<div id=\"\" class=\"brz-css-ffyph7 brz-wrapper\">\n<div class=\"brz-rich-text brz-rich-text__custom brz-css-smxddw\" data-brz-custom-id=\"jvCsGWKrh1kG\">\n<div data-brz-translate-text=\"1\">\n<h1 class=\"brz-text-lg-center brz-ls-lg-m_0_5 brz-lh-lg-1_3 brz-vfw-lg-400 brz-fwdth-lg-100 brz-fsft-lg-0 brz-tp-lg-empty brz-ff-sora brz-ft-google brz-fs-lg-52 brz-fss-lg-px brz-fw-lg-700 brz-css-j2J93\" data-generated-css=\"brz-css-fonvr\" data-uniq-id=\"bI2w2\"><span class=\"brz-cp-color8\">Servicios<\/span><\/h1>\n<\/div>\n<\/div>\n<\/div>\n<div id=\"\" class=\"brz-css-ffyph7 brz-css-14w39ct brz-wrapper\">\n<div class=\"brz-rich-text brz-rich-text__custom brz-css-smxddw\" data-brz-custom-id=\"vGhf0lOeKWxp\">\n<div data-brz-translate-text=\"1\">\n<h1 class=\"brz-fs-lg-33 brz-ft-google brz-ff-sora brz-tp-lg-empty brz-text-lg-center brz-ls-lg-m_0_5 brz-lh-lg-1_3 brz-vfw-lg-400 brz-fwdth-lg-100 brz-fsft-lg-0 brz-fss-lg-px brz-fw-lg-700 brz-css-o5liG\" data-generated-css=\"brz-css-nYTb8\" data-uniq-id=\"u078G\"><span class=\"brz-cp-color8\">Servicios de drenaje<\/span><\/h1>\n<\/div>\n<\/div>\n<\/div>\n<div id=\"\" class=\"brz-css-ffyph7 brz-css-1g8oc7g brz-wrapper\">\n<div class=\"brz-rich-text brz-rich-text__custom brz-css-smxddw\" data-brz-custom-id=\"wpXUr3cQ4fm8\">\n<div data-brz-translate-text=\"1\">\n<p class=\"brz-text-lg-center brz-ls-lg-m_0_5 brz-lh-lg-1_3 brz-vfw-lg-400 brz-fwdth-lg-100 brz-fsft-lg-0 brz-tp-lg-empty brz-ff-sora brz-ft-google brz-fs-lg-33 brz-fss-lg-px brz-fw-lg-300 brz-css-h1xoA\" data-generated-css=\"brz-css-pfbJH\" data-uniq-id=\"aTrsw\"><span class=\"brz-cp-color8\">Instalaci\u00f3n de sistemas de drenaje<\/span><\/p>\n<\/div>\n<\/div>\n<\/div>\n<\/div>\n<\/div>\n<\/section>\n<section id=\"46e38696d111127ed655_i4mH1ZpBOqr1\" class=\"brz-section brz-css-1q3dv29\">\n<div class=\"brz-section__content brz-section--boxed brz-css-sope6r brz-css-fystxd\" data-brz-custom-id=\"hi15YanivFdi\">\n<div class=\"brz-container brz-css-ewxk9x\">\n<div class=\"brz-row__container brz-css-1mfxadu\" data-brz-custom-id=\"elyoIWBiPkC2\">\n<div class=\"brz-bg\"><\/div>\n<div class=\"brz-row brz-css-222c8h brz-css-1u2v9vo\">\n<div class=\"brz-columns brz-css-xr4obc brz-css-1r3fuuf\" data-brz-custom-id=\"o_RZdbeoILLQ\">\n<div class=\"brz-bg\"><\/div>\n<div class=\"brz-column__items brz-css-1en3j6q\">\n<div id=\"\" class=\"brz-css-ffyph7 brz-wrapper\">\n<div class=\"brz-rich-text brz-rich-text__custom brz-css-smxddw\" data-brz-custom-id=\"dY28eUKQ3gQV\">\n<div data-brz-translate-text=\"1\">\n<h3 class=\"brz-tp-lg-heading3 brz-ff-sora brz-ft-google brz-fs-lg-33 brz-fss-lg-px brz-fw-lg-600 brz-ls-lg-m_0_3 brz-lh-lg-1_3 brz-vfw-lg-400 brz-fwdth-lg-100 brz-fsft-lg-0 brz-css-csqoW\" data-uniq-id=\"r1AvQ\" data-generated-css=\"brz-css-mDtJd\"><span class=\"brz-cp-color7\">Transforme su propiedad con la instalaci\u00f3n experta de un sistema de drenaje<\/span><\/h3>\n<\/div>\n<\/div>\n<\/div>\n<div id=\"\" class=\"brz-css-ffyph7 brz-wrapper\">\n<div class=\"brz-rich-text brz-rich-text__custom brz-css-smxddw\" data-brz-custom-id=\"tUyb5vbccLz4\">\n<div data-brz-translate-text=\"1\">\n<p class=\"brz-tp-lg-paragraph brz-css-jv2jD\" data-uniq-id=\"mhecP\" data-generated-css=\"brz-css-uWzFx\"><span class=\"brz-cp-color7\">Aseg\u00farese de que su propiedad permanezca protegida y funcional con un sistema de drenaje instalado profesionalmente. Nuestro equipo de expertos ofrece soluciones personalizadas dise\u00f1adas para canalizar eficientemente el agua lejos de sus cimientos, reduciendo el riesgo de da\u00f1os por agua y reparaciones costosas. <\/span><\/p>\n<\/div>\n<\/div>\n<\/div>\n<div id=\"\" class=\"brz-css-ffyph7 brz-css-1mnbdo5 brz-css-1t484tz brz-wrapper\">\n<div class=\"brz-spacer brz-css-1m1xrm2 brz-css-1hw80xo\"><\/div>\n<\/div>\n<div class=\"brz-row__container brz-css-1mfxadu\" data-brz-custom-id=\"qmGdH16c8kCe\">\n<div class=\"brz-bg\"><\/div>\n<div class=\"brz-row brz-row--inner brz-css-222c8h brz-css-1u2v9vo\">\n<div class=\"brz-columns brz-css-xr4obc brz-css-1ex98bo\" data-brz-custom-id=\"tU9kzoJYIcZa\">\n<div class=\"brz-bg\"><\/div>\n<div class=\"brz-column__items brz-css-1en3j6q brz-css-dgu5h8\">\n<div id=\"\" class=\"brz-css-ffyph7 brz-css-190oc37 brz-wrapper\">\n<div class=\"brz-rich-text brz-rich-text__custom brz-css-smxddw\" data-brz-custom-id=\"zp_WLH5zGSx9\">\n<div data-brz-translate-text=\"1\">\n<h4 class=\"brz-tp-lg-heading4 brz-fss-sm-px brz-fw-sm-600 brz-ls-sm-m_0_4 brz-lh-sm-1_7 brz-vfw-sm-400 brz-fwdth-sm-100 brz-fsft-sm-0 brz-ff-sora brz-ft-google brz-tp-sm-empty brz-fs-sm-15 brz-css-kKBPk\" data-generated-css=\"brz-css-vTIYg\" data-uniq-id=\"fHUdW\"><span class=\"brz-cp-color7,color4\">\u00bfPor qu\u00e9 elegir nuestros servicios de instalaci\u00f3n de sistemas de drenaje?<\/span><\/h4>\n<\/div>\n<\/div>\n<\/div>\n<\/div>\n<\/div>\n<\/div>\n<\/div>\n<div id=\"\" class=\"brz-css-ffyph7 brz-css-1mnbdo5 brz-css-zpgzvs brz-wrapper\">\n<div class=\"brz-spacer brz-css-1m1xrm2 brz-css-pbvn0m\"><\/div>\n<\/div>\n<div id=\"\" class=\"brz-css-ffyph7 brz-wrapper\">\n<div class=\"brz-rich-text brz-rich-text__custom brz-css-smxddw\" data-brz-custom-id=\"pCuUX1EsplWL\">\n<div data-brz-translate-text=\"1\">\n<ul>\n<li class=\"brz-tp-lg-paragraph brz-css-zMHqB\" data-generated-css=\"brz-css-y17OY,brz-css-fgZ44,brz-css-gpkQi,brz-css-kuZyB\" data-uniq-id=\"i6Yww,ozbSe,v9yuK,ztVx_\"><strong class=\"brz-cp-color7\">Soluciones a medida:<\/strong><span class=\"brz-cp-color7\"> Dise\u00f1amos e instalamos sistemas de drenaje espec\u00edficamente para el paisaje \u00fanico de su propiedad y los desaf\u00edos relacionados con el agua.<\/span><\/li>\n<li class=\"brz-tp-lg-paragraph brz-css-hbU3V\" data-generated-css=\"brz-css-y17OY,brz-css-fgZ44,brz-css-gpkQi,brz-css-kuZyB\" data-uniq-id=\"i6Yww,ozbSe,v9yuK,ztVx_\"><strong class=\"brz-cp-color7\">Precisi\u00f3n y calidad:<\/strong><span class=\"brz-cp-color7\"> Nuestros t\u00e9cnicos certificados utilizan t\u00e9cnicas l\u00edderes en la industria y materiales de alta calidad para una instalaci\u00f3n duradera y fiable.<\/span><\/li>\n<li class=\"brz-tp-lg-paragraph brz-css-gvWLd\" data-generated-css=\"brz-css-y17OY,brz-css-fgZ44,brz-css-gpkQi,brz-css-kuZyB\" data-uniq-id=\"i6Yww,ozbSe,v9yuK,ztVx_\"><strong class=\"brz-cp-color7\">Protecci\u00f3n rentable:<\/strong><span class=\"brz-cp-color7\"> Evite costosos da\u00f1os por agua y problemas de mantenimiento invirtiendo en un sistema que funcione a la perfecci\u00f3n desde el primer d\u00eda.<\/span><\/li>\n<li class=\"brz-tp-lg-paragraph brz-css-daOib\" data-generated-css=\"brz-css-kuZyB\" data-uniq-id=\"ztVx_\"><strong class=\"brz-cp-color7\">M\u00ednima interrupci\u00f3n:<\/strong><span class=\"brz-cp-color7\"> Completamos las instalaciones de manera eficiente con un impacto m\u00ednimo en sus operaciones diarias o en el uso de la propiedad.<\/span><\/li>\n<\/ul>\n<\/div>\n<\/div>\n<\/div>\n<div id=\"\" class=\"brz-css-ffyph7 brz-wrapper\">\n<div class=\"brz-embed-code brz-css-mmhlky\" data-brz-custom-id=\"riX5F5a_TLwh\">\n<div class=\"brz-embed-content\">\n<div><!--Start of Housecallpro Online booking button--> <button data-token=\"94c16f63817b4355acbc56fa758d0d44\" data-orgname=\"Professional-Drainage-Experts\" class=\"hcp-button\">  Reservar en l\u00ednea  <\/button>   <!--End of Housecallpro Online booking button--><\/div>\n<\/div>\n<\/div>\n<\/div>\n<div id=\"\" class=\"brz-css-ffyph7 brz-css-1mnbdo5 brz-css-kbpb4i brz-wrapper\">\n<div class=\"brz-spacer brz-css-1m1xrm2 brz-css-1eaurbq\"><\/div>\n<\/div>\n<\/div>\n<\/div>\n<div class=\"brz-columns brz-css-xr4obc brz-css-1imkmww\" data-brz-custom-id=\"koQF4vpw681R\">\n<div class=\"brz-bg\"><\/div>\n<div class=\"brz-column__items brz-css-1en3j6q brz-css-ua3l5n\">\n<div id=\"\" class=\"brz-css-ffyph7 brz-wrapper\">\n<div class=\"brz-image brz-css-18bfaxd\" data-brz-custom-id=\"oz8gVPbyul3C\"><img decoding=\"async\" class=\"brz-img\" src=\"https:\/\/professionaldrainage.com\/?brizy_media=wp-a3fbb6febd2a23006e2c11efb3b333bb.webp&amp;brizy_crop=iW%3D1161%26iH%3D773%26oX%3D378%26oY%3D0%26cW%3D451%26cH%3D773\" alt=\"\" loading=\"lazy\"><\/div>\n<\/div>\n<\/div>\n<\/div>\n<\/div>\n<\/div>\n<\/div>\n<\/div>\n<\/section>\n<section id=\"66b378226a74d1e6a641_r2Rm4MVGQ4iW\" class=\"brz-section brz-css-1q3dv29\">\n<div class=\"brz-section__content brz-section--boxed brz-css-sope6r brz-css-sj3k88\" data-brz-custom-id=\"cy9Ly5yNRKsO\">\n<div class=\"brz-container brz-css-ewxk9x\">\n<div class=\"brz-row__container brz-css-1mfxadu\" data-brz-custom-id=\"iLsvtT8O8CLl\">\n<div class=\"brz-bg\"><\/div>\n<div class=\"brz-row brz-css-222c8h brz-css-1u2v9vo\">\n<div class=\"brz-columns brz-css-xr4obc brz-css-99mge7\" data-brz-custom-id=\"mxqlAkJ5oEAJ\">\n<div class=\"brz-bg\"><\/div>\n<div class=\"brz-column__items brz-css-1en3j6q brz-css-19q9tsi\">\n<div id=\"\" class=\"brz-css-ffyph7 brz-wrapper\">\n<div class=\"brz-image brz-css-6yc55f\" data-brz-custom-id=\"nj8iicr3mS6W\"><img decoding=\"async\" class=\"brz-img\" src=\"https:\/\/professionaldrainage.com\/?brizy_media=wp-3e1251c76b28c51bad6f9697d2f16c46.webp&amp;brizy_crop=iW%3D910%26iH%3D510%26oX%3D284%26oY%3D0%26cW%3D342%26cH%3D510\" alt=\"\" loading=\"lazy\"><\/div>\n<\/div>\n<\/div>\n<\/div>\n<div class=\"brz-columns brz-css-xr4obc brz-css-18czm9o\" data-brz-custom-id=\"peI6_chi8ga3\">\n<div class=\"brz-bg\"><\/div>\n<div class=\"brz-column__items brz-css-1en3j6q\">\n<div id=\"\" class=\"brz-css-ffyph7 brz-css-1mnbdo5 brz-css-g6lccv brz-wrapper\">\n<div class=\"brz-spacer brz-css-1m1xrm2 brz-css-ano0p1\"><\/div>\n<\/div>\n<div id=\"\" class=\"brz-css-ffyph7 brz-css-1mnbdo5 brz-css-1st7ewb brz-wrapper\">\n<div class=\"brz-spacer brz-css-1m1xrm2 brz-css-10fztxk\"><\/div>\n<\/div>\n<div class=\"brz-row__container brz-css-1mfxadu\" data-brz-custom-id=\"rFNSUAUy5f24\">\n<div class=\"brz-bg\"><\/div>\n<div class=\"brz-row brz-row--inner brz-css-222c8h brz-css-1u2v9vo\">\n<div class=\"brz-columns brz-css-xr4obc brz-css-af7j6z\" data-brz-custom-id=\"bF8jcsuNg9oH\">\n<div class=\"brz-bg\"><\/div>\n<div class=\"brz-column__items brz-css-1en3j6q brz-css-1kvni07\">\n<div id=\"\" class=\"brz-css-ffyph7 brz-wrapper\">\n<div class=\"brz-rich-text brz-rich-text__custom brz-css-smxddw\" data-brz-custom-id=\"yhJYALeCp4zy\">\n<div data-brz-translate-text=\"1\">\n<h4 class=\"brz-tp-lg-heading4 brz-css-f0Vtb\" data-generated-css=\"brz-css-hf2P1\" data-uniq-id=\"hFc_b\">Nuestro proceso probado:<\/h4>\n<p data-generated-css=\"brz-css-pDAGS\" data-uniq-id=\"sf2_d\" class=\"brz-css-lxkfD\"><\/p>\n<ol>\n<li data-generated-css=\"brz-css-rp_L_\" data-uniq-id=\"mqFsm\" class=\"brz-css-eeu4g\"><strong>Consulta integral:<\/strong> Comenzamos con una evaluaci\u00f3n exhaustiva de las necesidades de drenaje de su propiedad y los desaf\u00edos actuales.<\/li>\n<li data-generated-css=\"brz-css-nPPxl\" data-uniq-id=\"wpofv\" class=\"brz-css-rPLkX\"><strong>Desarrollo de dise\u00f1o personalizado:<\/strong> Nuestros expertos elaboran un plan de sistema de drenaje que se integra con su paisaje y cumple con las regulaciones locales.<\/li>\n<li data-generated-css=\"brz-css-dPoc5\" data-uniq-id=\"w03I_\" class=\"brz-css-mPWd0\"><strong>Instalaci\u00f3n experta:<\/strong> Nuestro equipo instala el sistema con precisi\u00f3n y cuidado, garantizando un rendimiento y una durabilidad \u00f3ptimos.<\/li>\n<li data-generated-css=\"brz-css-xsmMv\" data-uniq-id=\"dzCZn\" class=\"brz-css-qR4r7\"><strong>Garant\u00eda de calidad y seguimiento:<\/strong> Probamos rigurosamente su nuevo sistema y brindamos soporte continuo para mantener la m\u00e1xima funcionalidad.<\/li>\n<\/ol>\n<p data-generated-css=\"brz-css-frCcv\" data-uniq-id=\"lvRer\" class=\"brz-css-lgjzb\"><\/p>\n<h4 class=\"brz-tp-lg-heading4 brz-css-jqlAH\" data-generated-css=\"brz-css-lOyzK\" data-uniq-id=\"oOJkR\">\u00bfListo para mejorar el drenaje de su propiedad?<\/h4>\n<p class=\"brz-tp-lg-paragraph brz-css-unneP\" data-generated-css=\"brz-css-kSfze\" data-uniq-id=\"cV8ji\">No permita que un drenaje ineficiente comprometa su inversi\u00f3n. <strong>Llame al 714-406-5424 ahora<\/strong> o haga clic en \u201cSolicitar un presupuesto\u201d para programar su consulta gratuita y comenzar a proteger su propiedad con la instalaci\u00f3n de un sistema de drenaje personalizado.<\/p>\n<\/div>\n<\/div>\n<\/div>\n<div id=\"\" class=\"brz-css-ffyph7 brz-wrapper\">\n<div class=\"brz-embed-code brz-css-mmhlky\" data-brz-custom-id=\"dbjXchdGNk9v\">\n<div class=\"brz-embed-content\">\n<div><!--Start of Housecallpro Online booking button--> <button data-token=\"94c16f63817b4355acbc56fa758d0d44\" data-orgname=\"Professional-Drainage-Experts\" class=\"hcp-button\">  Reservar en l\u00ednea  <\/button>   <!--End of Housecallpro Online booking button--><\/div>\n<\/div>\n<\/div>\n<\/div>\n<div id=\"\" class=\"brz-css-ffyph7 brz-css-1mnbdo5 brz-css-868ni9 brz-wrapper\">\n<div class=\"brz-spacer brz-css-1m1xrm2 brz-css-9l567j\"><\/div>\n<\/div>\n<\/div>\n<\/div>\n<\/div>\n<\/div>\n<div id=\"\" class=\"brz-css-ffyph7 brz-css-1mnbdo5 brz-css-19qi64x brz-wrapper\">\n<div class=\"brz-spacer brz-css-1m1xrm2 brz-css-ho8ico\"><\/div>\n<\/div>\n<\/div>\n<\/div>\n<\/div>\n<\/div>\n<\/div>\n<\/div>\n<\/section>\n<\/div>\n<p>    <!-- version:1742407723 --><\/p>\n","protected":false},"excerpt":{"rendered":"<p>Servicios Servicios de drenaje Instalaci\u00f3n de sistemas de drenaje Transforme su propiedad con la instalaci\u00f3n experta de un sistema de drenaje Aseg\u00farese de que su propiedad permanezca protegida y funcional con un sistema de drenaje instalado profesionalmente. Nuestro equipo de expertos ofrece soluciones personalizadas dise\u00f1adas para canalizar eficientemente el agua lejos de sus cimientos, reduciendo [&hellip;]<\/p>\n","protected":false},"author":1,"featured_media":0,"parent":0,"menu_order":0,"comment_status":"closed","ping_status":"closed","template":"brizy-blank-template.php","meta":{"footnotes":""},"class_list":["post-2139","page","type-page","status-publish","hentry"],"aioseo_notices":[],"brizy_media":[],"_links":{"self":[{"href":"https:\/\/professionaldrainage.com\/es\/wp-json\/wp\/v2\/pages\/2139","targetHints":{"allow":["GET"]}}],"collection":[{"href":"https:\/\/professionaldrainage.com\/es\/wp-json\/wp\/v2\/pages"}],"about":[{"href":"https:\/\/professionaldrainage.com\/es\/wp-json\/wp\/v2\/types\/page"}],"author":[{"embeddable":true,"href":"https:\/\/professionaldrainage.com\/es\/wp-json\/wp\/v2\/users\/1"}],"replies":[{"embeddable":true,"href":"https:\/\/professionaldrainage.com\/es\/wp-json\/wp\/v2\/comments?post=2139"}],"version-history":[{"count":0,"href":"https:\/\/professionaldrainage.com\/es\/wp-json\/wp\/v2\/pages\/2139\/revisions"}],"wp:attachment":[{"href":"https:\/\/professionaldrainage.com\/es\/wp-json\/wp\/v2\/media?parent=2139"}],"curies":[{"name":"wp","href":"https:\/\/api.w.org\/{rel}","templated":true}]}}